{"id":64,"date":"2026-05-06T11:11:25","date_gmt":"2026-05-06T08:11:25","guid":{"rendered":"https:\/\/www.zincirlift.com\/?page_id=64"},"modified":"2026-05-06T11:42:26","modified_gmt":"2026-05-06T08:42:26","slug":"iletisim","status":"publish","type":"page","link":"https:\/\/www.zincirlift.com\/?page_id=64","title":{"rendered":"\u0130leti\u015fim"},"content":{"rendered":"\n<div class=\"wp-block-group has-text-color has-background\" style=\"color:#0f172a;background-color:#f8fafc;padding-top:2rem;padding-right:1.5rem;padding-bottom:2rem;padding-left:1.5rem\"><div class=\"wp-block-group__inner-container is-layout-constrained wp-container-core-group-is-layout-519796b5 wp-block-group-is-layout-constrained\">\n<figure class=\"wp-block-image size-full is-resized\"><img loading=\"lazy\" decoding=\"async\" width=\"717\" height=\"418\" src=\"http:\/\/www.zincirlift.com\/wp-content\/uploads\/2026\/04\/Ekran-goruntusu-2026-04-21-141245_.jpg\" alt=\"\" class=\"wp-image-39\" style=\"width:300px\" srcset=\"https:\/\/www.zincirlift.com\/wp-content\/uploads\/2026\/04\/Ekran-goruntusu-2026-04-21-141245_.jpg 717w, https:\/\/www.zincirlift.com\/wp-content\/uploads\/2026\/04\/Ekran-goruntusu-2026-04-21-141245_-300x175.jpg 300w\" sizes=\"auto, (max-width: 717px) 100vw, 717px\" \/><\/figure>\n\n\n\n<p class=\"has-text-color has-background\" style=\"border-radius:30px;color:#2c6e9e;background-color:#e6f0f9;margin-bottom:1rem;padding-top:0.2rem;padding-right:0.8rem;padding-bottom:0.2rem;padding-left:0.8rem;font-weight:500\">\ud83d\udcde \u0130leti\u015fim<\/p>\n\n\n\n<h1 class=\"wp-block-heading has-text-color\" style=\"color:#0f2b3d;margin-bottom:0.5rem;font-size:2.8rem;font-weight:700;letter-spacing:-0.02em\">Bizimle \u0130leti\u015fime Ge\u00e7in<\/h1>\n\n\n\n<p style=\"margin-top:1rem;margin-bottom:2rem;font-size:1.2rem\">Teknik sorular\u0131n\u0131z, proje talepleriniz ve \u00f6zel \u00e7\u00f6z\u00fcmleriniz i\u00e7in bizimle ileti\u015fime ge\u00e7ebilirsiniz.<\/p>\n\n\n\n<div class=\"wp-block-columns is-layout-flex wp-container-core-columns-is-layout-ab9f4459 wp-block-columns-is-layout-flex\" style=\"margin-top:1.5rem;margin-bottom:1.5rem\">\n<div class=\"wp-block-column is-layout-flow wp-block-column-is-layout-flow\">\n<div class=\"wp-block-group has-border-color has-background\" style=\"border-color:#eef2ff;border-width:1px;border-radius:1.5rem;background-color:#ffffff;margin-bottom:1.5rem;padding-top:1.5rem;padding-right:1.5rem;padding-bottom:1.5rem;padding-left:1.5rem\"><div class=\"wp-block-group__inner-container is-layout-constrained wp-container-core-group-is-layout-a57d7c1b wp-block-group-is-layout-constrained\">\n<h3 class=\"wp-block-heading has-text-color\" style=\"color:#1e293b;margin-top:0;margin-bottom:0.6rem;font-size:1.3rem;font-weight:600\">\ud83d\udccd Adres<\/h3>\n\n\n\n<p><strong>Karel Makine Sanayi ve Ticaret Limited \u015eirketi<\/strong><br>75.Y\u0131l Osb. Mah. Sava\u015f \u00d6zaydemir Teknoloji Bulvar\u0131.<br>Bilim Caddesi. Piramit 2 No:2<br>26250 Odunpazar\u0131 ESK\u0130\u015eEH\u0130R<\/p>\n<\/div><\/div>\n\n\n\n<div class=\"wp-block-group has-border-color has-background\" style=\"border-color:#eef2ff;border-width:1px;border-radius:1.5rem;background-color:#ffffff;margin-bottom:1.5rem;padding-top:1.5rem;padding-right:1.5rem;padding-bottom:1.5rem;padding-left:1.5rem\"><div class=\"wp-block-group__inner-container is-layout-constrained wp-container-core-group-is-layout-a57d7c1b wp-block-group-is-layout-constrained\">\n<h3 class=\"wp-block-heading has-text-color\" style=\"color:#1e293b;margin-top:0;margin-bottom:0.6rem;font-size:1.3rem;font-weight:600\">\ud83d\udcde Telefon<\/h3>\n\n\n\n<p><a href=\"tel:+905320000000\">+90 532 000 00 00<\/a><\/p>\n<\/div><\/div>\n\n\n\n<div class=\"wp-block-group has-border-color has-background\" style=\"border-color:#eef2ff;border-width:1px;border-radius:1.5rem;background-color:#ffffff;padding-top:1.5rem;padding-right:1.5rem;padding-bottom:1.5rem;padding-left:1.5rem\"><div class=\"wp-block-group__inner-container is-layout-constrained wp-container-core-group-is-layout-1675ba18 wp-block-group-is-layout-constrained\">\n<h3 class=\"wp-block-heading has-text-color\" style=\"color:#1e293b;margin-top:0;margin-bottom:0.6rem;font-size:1.3rem;font-weight:600\">\u2709\ufe0f E-mail<\/h3>\n\n\n\n<p><a href=\"mailto:info@zincirlift.com\">info@zincirlift.com<\/a><\/p>\n<\/div><\/div>\n<\/div>\n\n\n\n<div class=\"wp-block-column is-layout-flow wp-block-column-is-layout-flow\">\n<div class=\"wp-block-group has-border-color has-background\" style=\"border-color:#eef2ff;border-width:1px;border-radius:1.5rem;background-color:#ffffff;padding-top:1.5rem;padding-right:1.5rem;padding-bottom:1.5rem;padding-left:1.5rem\"><div class=\"wp-block-group__inner-container is-layout-constrained wp-container-core-group-is-layout-1675ba18 wp-block-group-is-layout-constrained\">\n<h3 class=\"wp-block-heading has-text-color\" style=\"color:#1e293b;margin-top:0;margin-bottom:1rem;font-size:1.3rem;font-weight:600\">\ud83d\uddfa\ufe0f Konum<\/h3>\n\n\n\n<iframe src=\"https:\/\/www.google.com\/maps?q=39.75232,30.6361&#038;z=15&#038;output=embed\" width=\"100%\" height=\"430\" style=\"border:0;border-radius:1rem;\" allowfullscreen=\"\" loading=\"lazy\"><\/iframe>\n<\/div><\/div>\n<\/div>\n<\/div>\n<\/div><\/div>\n","protected":false},"excerpt":{"rendered":"<p>\ud83d\udcde \u0130leti\u015fim Bizimle \u0130leti\u015fime Ge\u00e7in Teknik sorular\u0131n\u0131z, proje talepleriniz ve \u00f6zel \u00e7\u00f6z\u00fcmleriniz i\u00e7in bizimle ileti\u015fime ge\u00e7ebilirsiniz. \ud83d\udccd Adres Karel Makine Sanayi ve Ticaret Limited \u015eirketi75.Y\u0131l Osb. Mah. Sava\u015f \u00d6zaydemir Teknoloji Bulvar\u0131.Bilim Caddesi. Piramit 2 No:226250 Odunpazar\u0131 ESK\u0130\u015eEH\u0130R \ud83d\udcde Telefon +90 532 000 00 00 \u2709\ufe0f E-mail info@zincirlift.com \ud83d\uddfa\ufe0f Konum<\/p>\n","protected":false},"author":1,"featured_media":0,"parent":0,"menu_order":0,"comment_status":"closed","ping_status":"closed","template":"","meta":{"_kad_post_transparent":"default","_kad_post_title":"hide","_kad_post_layout":"","_kad_post_sidebar_id":"","_kad_post_content_style":"default","_kad_post_vertical_padding":"","_kad_post_feature":"","_kad_post_feature_position":"","_kad_post_header":true,"_kad_post_footer":true,"_kad_post_classname":"","footnotes":""},"class_list":["post-64","page","type-page","status-publish","hentry"],"_links":{"self":[{"href":"https:\/\/www.zincirlift.com\/index.php?rest_route=\/wp\/v2\/pages\/64","targetHints":{"allow":["GET"]}}],"collection":[{"href":"https:\/\/www.zincirlift.com\/index.php?rest_route=\/wp\/v2\/pages"}],"about":[{"href":"https:\/\/www.zincirlift.com\/index.php?rest_route=\/wp\/v2\/types\/page"}],"author":[{"embeddable":true,"href":"https:\/\/www.zincirlift.com\/index.php?rest_route=\/wp\/v2\/users\/1"}],"replies":[{"embeddable":true,"href":"https:\/\/www.zincirlift.com\/index.php?rest_route=%2Fwp%2Fv2%2Fcomments&post=64"}],"version-history":[{"count":9,"href":"https:\/\/www.zincirlift.com\/index.php?rest_route=\/wp\/v2\/pages\/64\/revisions"}],"predecessor-version":[{"id":78,"href":"https:\/\/www.zincirlift.com\/index.php?rest_route=\/wp\/v2\/pages\/64\/revisions\/78"}],"wp:attachment":[{"href":"https:\/\/www.zincirlift.com\/index.php?rest_route=%2Fwp%2Fv2%2Fmedia&parent=64"}],"curies":[{"name":"wp","href":"https:\/\/api.w.org\/{rel}","templated":true}]}}