{"id":29,"date":"2026-04-27T12:52:35","date_gmt":"2026-04-27T09:52:35","guid":{"rendered":"https:\/\/www.zincirlift.com\/?page_id=29"},"modified":"2026-04-27T14:48:59","modified_gmt":"2026-04-27T11:48:59","slug":"29-2","status":"publish","type":"page","link":"https:\/\/www.zincirlift.com\/","title":{"rendered":""},"content":{"rendered":"\n<div class=\"wp-block-group alignfull has-text-color has-background\" style=\"color:#0f172a;background-color:#f8fafc;padding-top:32px;padding-right:24px;padding-bottom:32px;padding-left:24px\"><div class=\"wp-block-group__inner-container is-layout-constrained wp-container-core-group-is-layout-06264bbc wp-block-group-is-layout-constrained\">\n<div class=\"wp-block-group is-content-justification-left\" style=\"margin-bottom:32px\"><div class=\"wp-block-group__inner-container is-layout-constrained wp-container-core-group-is-layout-06235298 wp-block-group-is-layout-constrained\">\n<p class=\"has-text-color has-background has-small-font-size\" style=\"border-radius:999px;color:#2c6e9e;background-color:#e6f0f9;padding-top:4px;padding-right:13px;padding-bottom:4px;padding-left:13px\"> Rijit Zincir Teknolojisi<\/p>\n\n\n\n<figure class=\"wp-block-image size-full is-resized\"><img loading=\"lazy\" decoding=\"async\" width=\"717\" height=\"418\" src=\"https:\/\/www.zincirlift.com\/wp-content\/uploads\/2026\/04\/Ekran-goruntusu-2026-04-21-141245_.jpg\" alt=\"\" class=\"wp-image-39\" style=\"width:300px;height:auto\" srcset=\"https:\/\/www.zincirlift.com\/wp-content\/uploads\/2026\/04\/Ekran-goruntusu-2026-04-21-141245_.jpg 717w, https:\/\/www.zincirlift.com\/wp-content\/uploads\/2026\/04\/Ekran-goruntusu-2026-04-21-141245_-300x175.jpg 300w\" sizes=\"auto, (max-width: 717px) 100vw, 717px\" \/><\/figure>\n\n\n\n<h2 class=\"wp-block-heading has-text-color\" style=\"color:#2c6e9e;margin-top:0;margin-bottom:16px;font-size:24px;font-weight:600\">A\u011f\u0131r y\u00fckler i\u00e7in lift sistemi<\/h2>\n\n\n\n<p style=\"margin-top:16px;font-size:19px\">Elektromekanik teleskopik akt\u00fcat\u00f6r \u2013 a\u011f\u0131r y\u00fckleri dikey kald\u0131rmak i\u00e7in \u00f6zel tasar\u0131m. End\u00fcstri, sahne, in\u015faat ve kinetik mimari.<\/p>\n\n\n\n<div class=\"wp-block-columns is-layout-flex wp-container-core-columns-is-layout-67c8fb1f wp-block-columns-is-layout-flex\" style=\"margin-top:24px;margin-bottom:24px\">\n<div class=\"wp-block-column is-layout-flow wp-block-column-is-layout-flow\">\n<div class=\"wp-block-group has-border-color has-text-color has-background\" style=\"border-color:#9bb7d0;border-style:dashed;border-width:1px;border-radius:16px;color:#2c6280;background-color:#e9f0f5;margin-bottom:16px;padding-top:72px;padding-right:16px;padding-bottom:72px;padding-left:16px\"><div class=\"wp-block-group__inner-container is-layout-constrained wp-container-core-group-is-layout-8a4bbbd9 wp-block-group-is-layout-constrained\">\n<p class=\"has-text-align-center\"><\/p>\n\n\n\n<figure class=\"wp-block-image size-large\"><img loading=\"lazy\" decoding=\"async\" width=\"1024\" height=\"531\" src=\"https:\/\/www.zincirlift.com\/wp-content\/uploads\/2026\/04\/ZKU-01-00A____2-1-1024x531.jpg\" alt=\"\" class=\"wp-image-47\" srcset=\"https:\/\/www.zincirlift.com\/wp-content\/uploads\/2026\/04\/ZKU-01-00A____2-1-1024x531.jpg 1024w, https:\/\/www.zincirlift.com\/wp-content\/uploads\/2026\/04\/ZKU-01-00A____2-1-300x155.jpg 300w, https:\/\/www.zincirlift.com\/wp-content\/uploads\/2026\/04\/ZKU-01-00A____2-1-768x398.jpg 768w, https:\/\/www.zincirlift.com\/wp-content\/uploads\/2026\/04\/ZKU-01-00A____2-1-1536x796.jpg 1536w, https:\/\/www.zincirlift.com\/wp-content\/uploads\/2026\/04\/ZKU-01-00A____2-1.jpg 1577w\" sizes=\"auto, (max-width: 1024px) 100vw, 1024px\" \/><\/figure>\n<\/div><\/div>\n\n\n\n<div class=\"wp-block-group has-border-color has-text-color has-background\" style=\"border-color:#9bb7d0;border-style:dashed;border-width:1px;border-radius:16px;color:#2c6280;background-color:#e9f0f5;padding-top:48px;padding-right:16px;padding-bottom:48px;padding-left:16px\"><div class=\"wp-block-group__inner-container is-layout-constrained wp-container-core-group-is-layout-1c44ea05 wp-block-group-is-layout-constrained\">\n<p class=\"has-text-align-center\">\ud83d\udcf8 [ZincirLift a\u00e7\u0131k render] \u2014 Rijit zincir dikey pozisyonda kilitlenmi\u015f, kald\u0131rma modu<\/p>\n<\/div><\/div>\n<\/div>\n\n\n\n<div class=\"wp-block-column is-layout-flow wp-block-column-is-layout-flow\">\n<div class=\"wp-block-group has-border-color has-text-color has-background\" style=\"border-color:#9bb7d0;border-style:dashed;border-width:1px;border-radius:16px;color:#2c6280;background-color:#e9f0f5;margin-bottom:16px;padding-top:48px;padding-right:16px;padding-bottom:48px;padding-left:16px\"><div class=\"wp-block-group__inner-container is-layout-constrained wp-container-core-group-is-layout-ca52e458 wp-block-group-is-layout-constrained\">\n<p class=\"has-text-align-center\"><\/p>\n\n\n\n<figure class=\"wp-block-gallery has-nested-images columns-default is-cropped wp-block-gallery-1 is-layout-flex wp-block-gallery-is-layout-flex\">\n<figure class=\"wp-block-image size-large\"><img loading=\"lazy\" decoding=\"async\" width=\"1024\" height=\"531\" data-id=\"45\" src=\"https:\/\/www.zincirlift.com\/wp-content\/uploads\/2026\/04\/ZKU-01-00A____1-1-1024x531.jpg\" alt=\"\" class=\"wp-image-45\" srcset=\"https:\/\/www.zincirlift.com\/wp-content\/uploads\/2026\/04\/ZKU-01-00A____1-1-1024x531.jpg 1024w, https:\/\/www.zincirlift.com\/wp-content\/uploads\/2026\/04\/ZKU-01-00A____1-1-300x155.jpg 300w, https:\/\/www.zincirlift.com\/wp-content\/uploads\/2026\/04\/ZKU-01-00A____1-1-768x398.jpg 768w, https:\/\/www.zincirlift.com\/wp-content\/uploads\/2026\/04\/ZKU-01-00A____1-1-1536x796.jpg 1536w, https:\/\/www.zincirlift.com\/wp-content\/uploads\/2026\/04\/ZKU-01-00A____1-1.jpg 1577w\" sizes=\"auto, (max-width: 1024px) 100vw, 1024px\" \/><\/figure>\n\n\n\n<figure class=\"wp-block-image size-large\"><img loading=\"lazy\" decoding=\"async\" width=\"1024\" height=\"531\" data-id=\"46\" src=\"https:\/\/www.zincirlift.com\/wp-content\/uploads\/2026\/04\/ZKU-01-00A____2-1024x531.jpg\" alt=\"\" class=\"wp-image-46\" srcset=\"https:\/\/www.zincirlift.com\/wp-content\/uploads\/2026\/04\/ZKU-01-00A____2-1024x531.jpg 1024w, https:\/\/www.zincirlift.com\/wp-content\/uploads\/2026\/04\/ZKU-01-00A____2-300x155.jpg 300w, https:\/\/www.zincirlift.com\/wp-content\/uploads\/2026\/04\/ZKU-01-00A____2-768x398.jpg 768w, https:\/\/www.zincirlift.com\/wp-content\/uploads\/2026\/04\/ZKU-01-00A____2-1536x796.jpg 1536w, https:\/\/www.zincirlift.com\/wp-content\/uploads\/2026\/04\/ZKU-01-00A____2.jpg 1577w\" sizes=\"auto, (max-width: 1024px) 100vw, 1024px\" \/><\/figure>\n<\/figure>\n<\/div><\/div>\n\n\n\n<div class=\"wp-block-group has-background\" style=\"border-radius:16px;border-left-color:#2c6e9e;border-left-width:4px;background-color:#f1f5f9;padding-top:16px;padding-right:24px;padding-bottom:16px;padding-left:24px\"><div class=\"wp-block-group__inner-container is-layout-constrained wp-container-core-group-is-layout-e5acbd9f wp-block-group-is-layout-constrained\">\n<p><strong>\ud83d\udd27 Teknoloji \u00f6zeti:<\/strong> Yatay depolanan zincir, \u00f6zel baklalar\u0131n kilitlenmesiyle rijit yap\u0131 olu\u015fturur. D\u00f6n\u00fc\u015fte kilitler a\u00e7\u0131l\u0131r, zincir esnek hale gelir ve hazne i\u00e7inde b\u00fck\u00fclerek toplan\u0131r. Kare kesit, a\u011f\u0131rl\u0131k merkezinin geometrik merkezde kalmas\u0131n\u0131 sa\u011flar.<\/p>\n<\/div><\/div>\n<\/div>\n<\/div>\n<\/div><\/div>\n\n\n\n<h2 class=\"wp-block-heading has-text-color\" style=\"border-bottom-color:#e2e8f0;border-bottom-width:3px;color:#0c4a6e;margin-top:32px;margin-bottom:16px;padding-bottom:8px\">\ud83d\udcd0 Teknoloji &amp; \u00c7al\u0131\u015fma Prensibi<\/h2>\n\n\n\n<p><strong>ZincirLift<\/strong> yatay pozisyonda depolanm\u0131\u015f zinciri dikey \u00e7al\u0131\u015fma pozisyonuna getiren bir zincir s\u00fcr\u00fcc\u00fcs\u00fcd\u00fcr. Birbirlerine pimler vas\u0131tas\u0131yla ba\u011flanm\u0131\u015f \u00f6zel baklalar kald\u0131rma esnas\u0131nda kilitlenerek rijit bir yap\u0131 olu\u015fturur.<\/p>\n\n\n\n<p>Blok \u015feklindeki kare kesitli baklalar sayesinde a\u011f\u0131rl\u0131k merkezi geometrik merkezde kal\u0131r. Di\u015fli g\u00f6vdesindeki k\u0131lavuzlar, baklalar\u0131n do\u011fru hizalanmas\u0131n\u0131 ve kilitlenmesini destekler. Harici dinamik y\u00fcklere kar\u015f\u0131 makasl\u0131 platform, teleskopik profil veya do\u011frusal yataklarla kullan\u0131labilir.<\/p>\n\n\n\n<div class=\"wp-block-group has-border-color has-text-color has-background\" style=\"border-color:#9bb7d0;border-style:dashed;border-width:1px;border-radius:16px;color:#2c6280;background-color:#e9f0f5;margin-top:8px;padding-top:48px;padding-right:16px;padding-bottom:48px;padding-left:16px\"><div class=\"wp-block-group__inner-container is-layout-constrained wp-container-core-group-is-layout-541e8fa2 wp-block-group-is-layout-constrained\">\n<p class=\"has-text-align-center\">Klasik a\u00e7\u0131l\u0131 konumland\u0131r\u0131lm\u0131\u015f akt\u00fcat\u00f6rlere g\u00f6re sistem avantaj\u0131<\/p>\n\n\n\n<figure class=\"wp-block-image size-full is-resized\"><img loading=\"lazy\" decoding=\"async\" width=\"657\" height=\"347\" src=\"https:\/\/www.zincirlift.com\/wp-content\/uploads\/2026\/04\/scissor_lift_topplot-ezgif.com-resize.gif\" alt=\"\" class=\"wp-image-33\" style=\"width:788px;height:auto\"\/><\/figure>\n<\/div><\/div>\n\n\n\n<h2 class=\"wp-block-heading has-text-color\" style=\"border-bottom-color:#e2e8f0;border-bottom-width:3px;color:#0c4a6e;margin-top:32px;margin-bottom:16px;padding-bottom:8px\">\u2728 Avantajlar &amp; Performans<\/h2>\n\n\n\n<div class=\"wp-block-columns is-layout-flex wp-container-core-columns-is-layout-9d6595d7 wp-block-columns-is-layout-flex\">\n<div class=\"wp-block-column is-layout-flow wp-block-column-is-layout-flow\">\n<div class=\"wp-block-group has-border-color has-background\" style=\"border-color:#eef2ff;border-width:1px;border-radius:24px;background-color:#ffffff;padding-top:24px;padding-right:24px;padding-bottom:24px;padding-left:24px\"><div class=\"wp-block-group__inner-container is-layout-constrained wp-container-core-group-is-layout-9ab1d7d3 wp-block-group-is-layout-constrained\">\n<h3 class=\"wp-block-heading\">%80<br>Sistem verimi<\/h3>\n\n\n\n<p>Motordan torku y\u00fcke direkt iletir. Hidrolik\/pn\u00f6matik silindirlerin aksine makasl\u0131 platformlarda ek mafsal kuvvetleri olu\u015fmaz.<\/p>\n<\/div><\/div>\n<\/div>\n\n\n\n<div class=\"wp-block-column is-layout-flow wp-block-column-is-layout-flow\">\n<div class=\"wp-block-group has-border-color has-background\" style=\"border-color:#eef2ff;border-width:1px;border-radius:24px;background-color:#ffffff;padding-top:24px;padding-right:24px;padding-bottom:24px;padding-left:24px\"><div class=\"wp-block-group__inner-container is-layout-constrained wp-container-core-group-is-layout-9ab1d7d3 wp-block-group-is-layout-constrained\">\n<h3 class=\"wp-block-heading\">\ud83d\udce6 Alan tasarrufu<\/h3>\n\n\n\n<p>Zincir magazini sayesinde kapal\u0131 konumda minimum y\u00fckseklik. Teleskopik profillerle y\u00fcksek strok ve denge.<\/p>\n<\/div><\/div>\n<\/div>\n\n\n\n<div class=\"wp-block-column is-layout-flow wp-block-column-is-layout-flow\">\n<div class=\"wp-block-group has-border-color has-background\" style=\"border-color:#eef2ff;border-width:1px;border-radius:24px;background-color:#ffffff;padding-top:24px;padding-right:24px;padding-bottom:24px;padding-left:24px\"><div class=\"wp-block-group__inner-container is-layout-constrained wp-container-core-group-is-layout-9ab1d7d3 wp-block-group-is-layout-constrained\">\n<h3 class=\"wp-block-heading\">1\u201315 ton<br>Kapasite<\/h3>\n\n\n\n<p>Dinamik y\u00fck kapasitesi 1 tondan 15 tona kadar \u00f6l\u00e7eklenebilir. Standart strok limiti 8 metre, \u00f6zel \u00e7\u00f6z\u00fcmlerle daha y\u00fcksek.<\/p>\n<\/div><\/div>\n<\/div>\n<\/div>\n\n\n\n<div class=\"wp-block-columns is-layout-flex wp-container-core-columns-is-layout-9d6595d7 wp-block-columns-is-layout-flex\">\n<div class=\"wp-block-column is-layout-flow wp-block-column-is-layout-flow\">\n<div class=\"wp-block-group has-border-color has-background\" style=\"border-color:#eef2ff;border-width:1px;border-radius:24px;background-color:#ffffff;padding-top:24px;padding-right:24px;padding-bottom:24px;padding-left:24px\"><div class=\"wp-block-group__inner-container is-layout-constrained wp-container-core-group-is-layout-9ab1d7d3 wp-block-group-is-layout-constrained\">\n<h3 class=\"wp-block-heading\">0\u2013300 mm\/s<br>H\u0131z &amp; Hassasiyet<\/h3>\n\n\n\n<p>Yumu\u015fak kalk\u0131\u015f-duru\u015f, sabit hareket ve milimetre mertebesinde pozisyonlama hassasiyeti.<\/p>\n<\/div><\/div>\n<\/div>\n\n\n\n<div class=\"wp-block-column is-layout-flow wp-block-column-is-layout-flow\">\n<div class=\"wp-block-group has-border-color has-background\" style=\"border-color:#eef2ff;border-width:1px;border-radius:24px;background-color:#ffffff;padding-top:24px;padding-right:24px;padding-bottom:24px;padding-left:24px\"><div class=\"wp-block-group__inner-container is-layout-constrained wp-container-core-group-is-layout-9ab1d7d3 wp-block-group-is-layout-constrained\">\n<h3 class=\"wp-block-heading\">45 dBA<br>Sessizlik<\/h3>\n\n\n\n<p>50 mm\/s h\u0131z\u0131nda d\u00fc\u015f\u00fck ses seviyesi. Sahne, orkestra \u00e7ukuru ve tiyatro uygulamalar\u0131 i\u00e7in uygundur.<\/p>\n<\/div><\/div>\n<\/div>\n\n\n\n<div class=\"wp-block-column is-layout-flow wp-block-column-is-layout-flow\">\n<div class=\"wp-block-group has-border-color has-background\" style=\"border-color:#eef2ff;border-width:1px;border-radius:24px;background-color:#ffffff;padding-top:24px;padding-right:24px;padding-bottom:24px;padding-left:24px\"><div class=\"wp-block-group__inner-container is-layout-constrained wp-container-core-group-is-layout-9ab1d7d3 wp-block-group-is-layout-constrained\">\n<h3 class=\"wp-block-heading\">\ud83d\udee0\ufe0f Bak\u0131m &amp; Dayan\u0131kl\u0131l\u0131k<\/h3>\n\n\n\n<p>Basit mekanik tasar\u0131m, d\u00fc\u015f\u00fck bak\u0131m ihtiyac\u0131 ve az say\u0131da d\u00fc\u015f\u00fck h\u0131zl\u0131 d\u00f6nen par\u00e7a ile uzun \u00f6m\u00fcr.<\/p>\n<\/div><\/div>\n<\/div>\n<\/div>\n\n\n\n<div class=\"wp-block-group has-background\" style=\"border-radius:16px;border-left-color:#2c6e9e;border-left-width:4px;background-color:#e9f1f7;margin-top:24px;margin-bottom:24px;padding-top:16px;padding-right:24px;padding-bottom:16px;padding-left:24px\"><div class=\"wp-block-group__inner-container is-layout-constrained wp-container-core-group-is-layout-0f2c10c2 wp-block-group-is-layout-constrained\">\n<p><strong>\ud83d\udd12 G\u00fcvenlik:<\/strong> Zincir itme ve \u00e7ekmeye dayan\u0131kl\u0131d\u0131r. Platform \u00fczerinde y\u00fck pozisyonu de\u011fi\u015fse bile hareket devam eder. Y\u00fcksek kalite ve kal\u0131nl\u0131kta \u00e7elik, kaza ile b\u00fck\u00fclmeyi \u00f6nler.<\/p>\n<\/div><\/div>\n\n\n\n<h2 class=\"wp-block-heading has-text-color\" style=\"border-bottom-color:#e2e8f0;border-bottom-width:3px;color:#0c4a6e;margin-top:32px;margin-bottom:16px;padding-bottom:8px\">\ud83c\udfed Uygulama Alanlar\u0131<\/h2>\n\n\n\n<p>Kinetik mimari, asans\u00f6r, otomotiv, havac\u0131l\u0131k, savunma sanayi, rayl\u0131 sistemler ve end\u00fcstriyel otomasyon.<\/p>\n\n\n\n<div class=\"wp-block-columns is-layout-flex wp-container-core-columns-is-layout-9d6595d7 wp-block-columns-is-layout-flex\">\n<div class=\"wp-block-column is-layout-flow wp-block-column-is-layout-flow\">\n<div class=\"wp-block-group has-border-color has-background\" style=\"border-color:#eef2ff;border-width:1px;border-radius:24px;background-color:#ffffff;padding-top:24px;padding-right:24px;padding-bottom:24px;padding-left:24px\"><div class=\"wp-block-group__inner-container is-layout-constrained wp-container-core-group-is-layout-9ab1d7d3 wp-block-group-is-layout-constrained\">\n<h3 class=\"wp-block-heading\">\ud83c\udfad Kinetik mimari &amp; Sahne<\/h3>\n\n\n\n<p>K\u00fclt\u00fcr merkezi, opera, konser salonu, orkestra \u00e7ukuru, sahne platformlar\u0131 ve teleskopik trib\u00fcn.<\/p>\n<\/div><\/div>\n<\/div>\n\n\n\n<div class=\"wp-block-column is-layout-flow wp-block-column-is-layout-flow\">\n<div class=\"wp-block-group has-border-color has-background\" style=\"border-color:#eef2ff;border-width:1px;border-radius:24px;background-color:#ffffff;padding-top:24px;padding-right:24px;padding-bottom:24px;padding-left:24px\"><div class=\"wp-block-group__inner-container is-layout-constrained wp-container-core-group-is-layout-9ab1d7d3 wp-block-group-is-layout-constrained\">\n<h3 class=\"wp-block-heading\">\ud83c\udfd7\ufe0f Makasl\u0131 platformlar &amp; End\u00fcstri<\/h3>\n\n\n\n<p>Pres, f\u0131r\u0131n, su kanal\u0131 kald\u0131rma, y\u00fckleme-bo\u015faltma ve istifleme uygulamalar\u0131.<\/p>\n<\/div><\/div>\n<\/div>\n\n\n\n<div class=\"wp-block-column is-layout-flow wp-block-column-is-layout-flow\">\n<div class=\"wp-block-group has-border-color has-background\" style=\"border-color:#eef2ff;border-width:1px;border-radius:24px;background-color:#ffffff;padding-top:24px;padding-right:24px;padding-bottom:24px;padding-left:24px\"><div class=\"wp-block-group__inner-container is-layout-constrained wp-container-core-group-is-layout-9ab1d7d3 wp-block-group-is-layout-constrained\">\n<h3 class=\"wp-block-heading\">\ud83d\ude97 Otomotiv &amp; Park sistemleri<\/h3>\n\n\n\n<p>Otomobil, t\u0131r, yolcu, engelli asans\u00f6rleri ve otomatik katl\u0131 park sistemleri.<\/p>\n<\/div><\/div>\n<\/div>\n<\/div>\n\n\n\n<div class=\"wp-block-columns is-layout-flex wp-container-core-columns-is-layout-9d6595d7 wp-block-columns-is-layout-flex\">\n<div class=\"wp-block-column is-layout-flow wp-block-column-is-layout-flow\">\n<div class=\"wp-block-group has-border-color has-background\" style=\"border-color:#eef2ff;border-width:1px;border-radius:24px;background-color:#ffffff;padding-top:24px;padding-right:24px;padding-bottom:24px;padding-left:24px\"><div class=\"wp-block-group__inner-container is-layout-constrained wp-container-core-group-is-layout-9ab1d7d3 wp-block-group-is-layout-constrained\">\n<h3 class=\"wp-block-heading\">\u2708\ufe0f Havac\u0131l\u0131k<\/h3>\n\n\n\n<p>Kuyruk, burun, motor ve kanat eri\u015fim docklar\u0131; bak\u0131m standlar\u0131 ve g\u00f6vde montaj\u0131.<\/p>\n<\/div><\/div>\n<\/div>\n\n\n\n<div class=\"wp-block-column is-layout-flow wp-block-column-is-layout-flow\">\n<div class=\"wp-block-group has-border-color has-background\" style=\"border-color:#eef2ff;border-width:1px;border-radius:24px;background-color:#ffffff;padding-top:24px;padding-right:24px;padding-bottom:24px;padding-left:24px\"><div class=\"wp-block-group__inner-container is-layout-constrained wp-container-core-group-is-layout-9ab1d7d3 wp-block-group-is-layout-constrained\">\n<h3 class=\"wp-block-heading\">\ud83d\udee1\ufe0f Savunma sanayi<\/h3>\n\n\n\n<p>Mast akt\u00fcat\u00f6r\u00fc, radar, haberle\u015fme, silah konteyn\u0131r\u0131 ve m\u00fchimmat besleme sistemleri.<\/p>\n<\/div><\/div>\n<\/div>\n\n\n\n<div class=\"wp-block-column is-layout-flow wp-block-column-is-layout-flow\">\n<div class=\"wp-block-group has-border-color has-background\" style=\"border-color:#eef2ff;border-width:1px;border-radius:24px;background-color:#ffffff;padding-top:24px;padding-right:24px;padding-bottom:24px;padding-left:24px\"><div class=\"wp-block-group__inner-container is-layout-constrained wp-container-core-group-is-layout-9ab1d7d3 wp-block-group-is-layout-constrained\">\n<h3 class=\"wp-block-heading\">\ud83d\udd27 \u00d6zel uygulamalar<\/h3>\n\n\n\n<p>G\u00fc\u00e7lendirilmi\u015f zincir tipi, kamal\u0131 mil, uzun kar\u015f\u0131lama k\u0131lavuzlar\u0131 ve mod\u00fcler \u00f6zel \u00e7\u00f6z\u00fcmler.<\/p>\n<\/div><\/div>\n<\/div>\n<\/div>\n\n\n\n<h2 class=\"wp-block-heading has-text-color\" style=\"border-bottom-color:#e2e8f0;border-bottom-width:3px;color:#0c4a6e;margin-top:32px;margin-bottom:16px;padding-bottom:8px\">\u2699\ufe0f \u0130htiyaca y\u00f6nelik iyile\u015ftirmeler &amp; Opsiyonlar<\/h2>\n\n\n\n<div class=\"wp-block-columns is-layout-flex wp-container-core-columns-is-layout-9d6595d7 wp-block-columns-is-layout-flex\">\n<div class=\"wp-block-column is-layout-flow wp-block-column-is-layout-flow\">\n<div class=\"wp-block-group has-border-color has-background\" style=\"border-color:#eef2ff;border-width:1px;border-radius:24px;background-color:#ffffff;padding-top:24px;padding-right:24px;padding-bottom:24px;padding-left:24px\"><div class=\"wp-block-group__inner-container is-layout-constrained wp-container-core-group-is-layout-9ab1d7d3 wp-block-group-is-layout-constrained\">\n<h3 class=\"wp-block-heading\">\ud83d\udd29 G\u00fc\u00e7lendirilmi\u015f zincir<\/h3>\n\n\n\n<p>Daha a\u011f\u0131r y\u00fckler i\u00e7in d\u00f6rt di\u015fli tahrik, b\u00fcy\u00fck mil \u00e7aplar\u0131 ve kamal\u0131 mil standartt\u0131r.<\/p>\n<\/div><\/div>\n<\/div>\n\n\n\n<div class=\"wp-block-column is-layout-flow wp-block-column-is-layout-flow\">\n<div class=\"wp-block-group has-border-color has-background\" style=\"border-color:#eef2ff;border-width:1px;border-radius:24px;background-color:#ffffff;padding-top:24px;padding-right:24px;padding-bottom:24px;padding-left:24px\"><div class=\"wp-block-group__inner-container is-layout-constrained wp-container-core-group-is-layout-9ab1d7d3 wp-block-group-is-layout-constrained\">\n<h3 class=\"wp-block-heading\">\ud83d\udce6 Magazin tipleri<\/h3>\n\n\n\n<p>\u0130ki, \u00fc\u00e7 veya tek kademeli magazin se\u00e7enekleri ile alan tasarrufu optimize edilebilir.<\/p>\n<\/div><\/div>\n<\/div>\n<\/div>\n\n\n\n<div class=\"wp-block-columns is-layout-flex wp-container-core-columns-is-layout-9d6595d7 wp-block-columns-is-layout-flex\">\n<div class=\"wp-block-column is-layout-flow wp-block-column-is-layout-flow\">\n<div class=\"wp-block-group has-border-color has-background\" style=\"border-color:#eef2ff;border-width:1px;border-radius:24px;background-color:#ffffff;padding-top:24px;padding-right:24px;padding-bottom:24px;padding-left:24px\"><div class=\"wp-block-group__inner-container is-layout-constrained wp-container-core-group-is-layout-9ab1d7d3 wp-block-group-is-layout-constrained\">\n<h3 class=\"wp-block-heading\">\ud83d\udd01 Red\u00fckt\u00f6r se\u00e7enekleri<\/h3>\n\n\n\n<p>Helisel konik di\u015fli, sonsuz vida veya planet di\u015fli. Planet di\u015fli red\u00fckt\u00f6r sistem verimlili\u011fi i\u00e7in tavsiye edilir.<\/p>\n<\/div><\/div>\n<\/div>\n\n\n\n<div class=\"wp-block-column is-layout-flow wp-block-column-is-layout-flow\">\n<div class=\"wp-block-group has-border-color has-background\" style=\"border-color:#eef2ff;border-width:1px;border-radius:24px;background-color:#ffffff;padding-top:24px;padding-right:24px;padding-bottom:24px;padding-left:24px\"><div class=\"wp-block-group__inner-container is-layout-constrained wp-container-core-group-is-layout-9ab1d7d3 wp-block-group-is-layout-constrained\">\n<h3 class=\"wp-block-heading\">\ud83c\udfaf Hassas kontrol<\/h3>\n\n\n\n<p>Milimetrik pozisyonlama ve frekans konvert\u00f6rl\u00fc motor kontrol\u00fc ile hassas rampa de\u011ferleri.<\/p>\n<\/div><\/div>\n<\/div>\n<\/div>\n\n\n\n<div class=\"wp-block-group has-border-color has-text-color has-background\" style=\"border-color:#9bb7d0;border-style:dashed;border-width:1px;border-radius:16px;color:#2c6280;background-color:#e9f0f5;margin-top:16px;margin-bottom:16px;padding-top:48px;padding-right:16px;padding-bottom:48px;padding-left:16px\"><div class=\"wp-block-group__inner-container is-layout-constrained wp-container-core-group-is-layout-02f9dc42 wp-block-group-is-layout-constrained\">\n<p class=\"has-text-align-center\">\ud83d\udcc8 [Kapasite &#8211; Strok tablo veya grafik] \u2014 Model baz\u0131nda y\u00fck \/ strok ili\u015fkisi<\/p>\n<\/div><\/div>\n\n\n\n<div class=\"wp-block-group has-background is-content-justification-center\" style=\"border-radius:24px;background-color:#eef2ff;margin-top:32px;margin-bottom:32px;padding-top:29px;padding-right:29px;padding-bottom:29px;padding-left:29px\"><div class=\"wp-block-group__inner-container is-layout-constrained wp-container-core-group-is-layout-4892dff0 wp-block-group-is-layout-constrained\">\n<p class=\"has-text-align-center\" style=\"font-size:19px;font-weight:500\">\u2705 %80 verimlilik \u2013 Sessiz \u00e7al\u0131\u015fma \u2013 Kompakt tasar\u0131m \u2013 15 tona kadar kapasite \u2013 8 metre strok<\/p>\n\n\n\n<p class=\"has-text-align-center\">ZincirLift: Rijit zincirin esnek depolama ile bulu\u015ftu\u011fu yeni nesil elektromekanik kald\u0131rma sistemi.<\/p>\n\n\n\n<div class=\"wp-block-buttons is-content-justification-center is-layout-flex wp-container-core-buttons-is-layout-16018d1d wp-block-buttons-is-layout-flex\">\n<div class=\"wp-block-button\"><a class=\"wp-block-button__link has-background wp-element-button\" style=\"border-radius:40px;background-color:#2c6e9e\">\ud83d\udcc4 Teknik dok\u00fcman<\/a><\/div>\n\n\n\n<div class=\"wp-block-button\"><a class=\"wp-block-button__link has-background wp-element-button\" style=\"border-radius:40px;background-color:#2c6e9e\">\ud83d\udcde Dan\u0131\u015fma \/ ileti\u015fim<\/a><\/div>\n<\/div>\n<\/div><\/div>\n\n\n\n<p class=\"has-text-align-center has-text-color\" style=\"border-top-color:#cbd5e1;border-top-width:1px;color:#475569;margin-top:64px;padding-top:32px;font-size:14px\">ZincirLift\u00ae | Rijit zincir teknolojisi | T\u00fcm veriler bilgilendirme ama\u00e7l\u0131d\u0131r. Y\u00fcksek strok, h\u0131z ve \u00f6zel \u00e7\u00f6z\u00fcmler i\u00e7in teknik ekiple ileti\u015fime ge\u00e7iniz.<\/p>\n<\/div><\/div>\n","protected":false},"excerpt":{"rendered":"<p>Rijit Zincir Teknolojisi A\u011f\u0131r y\u00fckler i\u00e7in lift sistemi Elektromekanik teleskopik akt\u00fcat\u00f6r \u2013 a\u011f\u0131r y\u00fckleri dikey kald\u0131rmak i\u00e7in \u00f6zel tasar\u0131m. End\u00fcstri, sahne, in\u015faat ve kinetik mimari. \ud83d\udcf8 [ZincirLift a\u00e7\u0131k render] \u2014 Rijit zincir dikey pozisyonda kilitlenmi\u015f, kald\u0131rma modu \ud83d\udd27 Teknoloji \u00f6zeti: Yatay depolanan zincir, \u00f6zel baklalar\u0131n kilitlenmesiyle rijit yap\u0131 olu\u015fturur. D\u00f6n\u00fc\u015fte kilitler a\u00e7\u0131l\u0131r, zincir esnek hale&#8230;<\/p>\n","protected":false},"author":1,"featured_media":0,"parent":0,"menu_order":0,"comment_status":"closed","ping_status":"closed","template":"","meta":{"_kad_post_transparent":"","_kad_post_title":"","_kad_post_layout":"","_kad_post_sidebar_id":"","_kad_post_content_style":"","_kad_post_vertical_padding":"","_kad_post_feature":"","_kad_post_feature_position":"","_kad_post_header":true,"_kad_post_footer":true,"_kad_post_classname":"","footnotes":""},"class_list":["post-29","page","type-page","status-publish","hentry"],"_links":{"self":[{"href":"https:\/\/www.zincirlift.com\/index.php?rest_route=\/wp\/v2\/pages\/29","targetHints":{"allow":["GET"]}}],"collection":[{"href":"https:\/\/www.zincirlift.com\/index.php?rest_route=\/wp\/v2\/pages"}],"about":[{"href":"https:\/\/www.zincirlift.com\/index.php?rest_route=\/wp\/v2\/types\/page"}],"author":[{"embeddable":true,"href":"https:\/\/www.zincirlift.com\/index.php?rest_route=\/wp\/v2\/users\/1"}],"replies":[{"embeddable":true,"href":"https:\/\/www.zincirlift.com\/index.php?rest_route=%2Fwp%2Fv2%2Fcomments&post=29"}],"version-history":[{"count":9,"href":"https:\/\/www.zincirlift.com\/index.php?rest_route=\/wp\/v2\/pages\/29\/revisions"}],"predecessor-version":[{"id":48,"href":"https:\/\/www.zincirlift.com\/index.php?rest_route=\/wp\/v2\/pages\/29\/revisions\/48"}],"wp:attachment":[{"href":"https:\/\/www.zincirlift.com\/index.php?rest_route=%2Fwp%2Fv2%2Fmedia&parent=29"}],"curies":[{"name":"wp","href":"https:\/\/api.w.org\/{rel}","templated":true}]}}